{"id":425,"date":"2024-10-10T11:16:44","date_gmt":"2024-10-10T11:16:44","guid":{"rendered":"https:\/\/lessonnailles.ch\/?page_id=425"},"modified":"2024-10-14T08:46:59","modified_gmt":"2024-10-14T08:46:59","slug":"on-parle-de-nous","status":"publish","type":"page","link":"https:\/\/lessonnailles.ch\/index.php\/on-parle-de-nous\/","title":{"rendered":"On parle de nous!"},"content":{"rendered":"\n<h2 class=\"wp-block-heading has-background\" style=\"background-color:#f79d00cc;font-size:16px\">\u00ab\u00a0A Romainm\u00f4tier, la Foire d&rsquo;automne et Bourse aux sonnailles est le rendez-vous des collectionneurs de cloches et des amoureux de produits du terroir. Un \u00e9v\u00e9nement authentique et pas bling-bling pour un sous!\u00a0\u00bb<strong> <\/strong>&#8211; <strong>Loisir.ch<\/strong><br><strong>Visitez le site <a href=\"https:\/\/www.loisirs.ch\/agendas\/28160\/foire-d-automne-et-bourse-aux-sonnailles-romainmotier\">ici<\/a><\/strong><\/h2>\n\n\n\n<h2 class=\"wp-block-heading has-background\" style=\"background-color:#f79d0080;font-size:16px\">\u00ab\u00a0Authentiques et anim\u00e9es, \u00ab\u00a0Les Sonnailles\u00a0\u00bb de Romainm\u00f4tier est le rendez-vous des \u00e9leveurs et passionn\u00e9s de sonnailles helv\u00e9tiques. Exposants, acheteurs et collectionneurs de cloches se retrouvent dans une ambiance typique, riche en saveurs et haute en couleur.\u00a0\u00bb &#8211; <strong>myvaud.ch<\/strong><br><strong>Visitez le site <a href=\"https:\/\/www.myvaud.ch\/fr\/P14882\/les-sonnailles\">ici<\/a><\/strong><\/h2>\n\n\n\n<h2 class=\"wp-block-heading has-background\" style=\"background-color:#f79d00cc;font-size:16px\">\u00ab\u00a0Sur le site de Champbaillard, surplombant la c\u00e9l\u00e8bre abbatiale de Romainm\u00f4tier et sa bourgade m\u00e9di\u00e9vale, \u00ab\u00a0Les Sonnailles\u00a0\u00bb est une manifestation, impr\u00e9gn\u00e9e d\u2019authenticit\u00e9. Elle r\u00e9unit chaque automne quelques 15&rsquo;000 visiteurs et plus de 80 exposants fiers de montrer leur production. L\u2019\u00e9v\u00e9nement propose un visage moderne et dynamique de l\u2019agriculture et des traditions r\u00e9gionales. Il offre l\u2019occasion d\u2019admirer ou d\u2019acqu\u00e9rir quelques pi\u00e8ces exceptionnelles et de faire le plein de produits mara\u00eechers, ou de d\u00e9couvrir les savoir-faire d\u2019excellents boulangers, bouchers et fromagers.\u00a0\u00bb &#8211; <strong>Jura 3 lacs<\/strong><br><strong>Visitez le site <a href=\"https:\/\/www.j3l.ch\/fr\/P14882\/a-faire\/manifestations\/culture-et-patrimoine\/les-sonnailles\">ici<\/a><\/strong><\/h2>\n\n\n\n<h2 class=\"wp-block-heading has-background\" style=\"background-color:#f79d0080;font-size:16px\">\u00ab\u00a0Les Sonnailles est une manifestation, impr\u00e9gn\u00e9e d\u2019authenticit\u00e9. Elle r\u00e9unit chaque automne plus de 80 exposants, fiers de faire d\u00e9couvrir leurs cr\u00e9ations. Vous y rencontrerez des artisans, vignerons, fromagers, agriculteurs, bouchers, boulangers, dans une ambiance conviviale.\u00a0\u00bb &#8211; <strong>La C\u00f4te<\/strong><br><strong>Visitez le site <a href=\"https:\/\/lacote.ch\/sortir\/sorties--manifestations\/marches--foires--comptoirs--salons-commerciaux\/les-sonnailles-2022-1224524\">ici<\/a><\/strong><\/h2>\n\n\n\n<h2 class=\"wp-block-heading has-background\" style=\"background-color:#f79d00cc;font-size:16px\">\u00ab\u00a0Au son des cloches ! B\u00e9n\u00e9ficiant g\u00e9n\u00e9ralement de l\u2019\u00e9t\u00e9 indien, c\u2019est une m\u00e9t\u00e9o capricieuse qui a pourtant marqu\u00e9 cette 22\u00e8me \u00e9dition de la Foire d\u2019automne et bourse aux sonnailles. En effet, la grisaille \u00e9tait de mise de vendredi 18 \u00e0 dimanche 20 octobre, avec m\u00eame des trombes diluviennes qui ont compliqu\u00e9 l\u2019organisation et le programme. Mais qu\u2019\u00e0 cela ne tienne, les chaleureux exposants ont accueilli le public qui a rejoint le site de Champbaillard pour ces trois jours d\u2019un \u00e9v\u00e9nement marquant la vie de notre r\u00e9gion!\u00a0\u00bb &#8211; <strong>Journal de Cossonay<\/strong><br><strong>Visitez le site <a href=\"https:\/\/www.journalcossonay.ch\/2019\/10\/26\/romainmotier-foire-dautomne-et-bourse-aux-sonnailles\/\">ici<\/a><\/strong><\/h2>\n\n\n\n<h2 class=\"wp-block-heading has-background\" style=\"background-color:#f79d0080;font-size:16px\">Petit extrait d&rsquo;ambiance de 2017<br><a href=\"https:\/\/latele.ch\/emissions\/cest-arrive-pres-de-chez-vous\/c-est-arrive-pres-de-chez-vous-foire-d-automne-et-bourse-aux-sonnailles-a-romainmotier\"><strong>Petit reportage de la Tele en 2017<\/strong><\/a><\/h2>\n\n\n\n<h2 class=\"wp-block-heading has-background\" style=\"background-color:#f79d00cc;font-size:16px\">\u00ab\u00a0La bourse aux toupins sonne dans le Nozon! C&rsquo;est l&rsquo;heure de la bourse aux sonnailles et foire d&rsquo;automne \u00e0 Romainm\u00f4tier. Plus de 10 000 curieux et mordus sont attendus autour des cloches, du b\u00e9tail, et des produits du terroir.\u00a0\u00bb &#8211; <strong>24 Heures<\/strong><br><strong>Visitez le site <a href=\"https:\/\/www.24heures.ch\/la-bourse-aux-toupins-sonne-dans-le-nozon-659867782829\">ici<\/a><\/strong><\/h2>\n\n\n\n<h2 class=\"wp-block-heading has-background\" style=\"background-color:#f79d0080;font-size:16px\">\u00ab\u00a0Odeur de soupe, accent nord-vaudois et cloches par milliers. Ce week-end, la Foire aux Sonnailles de Romainm\u00f4tier, dans le canton de Vaud, a accueilli pr\u00e8s de 12\u00a0000 visiteurs. Dans un contexte de clivage entre ville et campagne, comment se positionne la manifestation ?\u00a0\u00bb &#8211; <strong>AJM\/UNINE<\/strong><br><strong>Visitez le site <a href=\"https:\/\/jam.unine.ch\/foire-aux-sonnailles-unificatrice-ou-separatrice-de-la-population-suisse\/\">ici<\/a><\/strong><\/h2>\n\n\n\n<p><\/p>\n","protected":false},"excerpt":{"rendered":"<p>\u00ab\u00a0A Romainm\u00f4tier, la Foire d&rsquo;automne et Bourse aux sonnailles est le rendez-vous des collectionneurs de cloches et des amoureux de produits du terroir. Un \u00e9v\u00e9nement authentique et pas bling-bling pour un sous!\u00a0\u00bb &#8211; Loisir.chVisitez le site ici \u00ab\u00a0Authentiques et anim\u00e9es, \u00ab\u00a0Les Sonnailles\u00a0\u00bb de Romainm\u00f4tier est le rendez-vous des \u00e9leveurs et passionn\u00e9s de sonnailles helv\u00e9tiques. Exposants, acheteurs et collectionneurs de cloches se retrouvent dans une ambiance typique, riche en saveurs et haute en couleur.\u00a0\u00bb &#8211; myvaud.chVisitez le site ici \u00ab\u00a0Sur le site de Champbaillard, surplombant la c\u00e9l\u00e8bre abbatiale de Romainm\u00f4tier et sa bourgade m\u00e9di\u00e9vale, \u00ab\u00a0Les Sonnailles\u00a0\u00bb est une manifestation, impr\u00e9gn\u00e9e d\u2019authenticit\u00e9. Elle r\u00e9unit chaque automne quelques 15&rsquo;000 visiteurs et plus de 80 exposants fiers de montrer leur production. L\u2019\u00e9v\u00e9nement propose un visage moderne et dynamique de l\u2019agriculture et des traditions r\u00e9gionales. Il offre l\u2019occasion d\u2019admirer ou d\u2019acqu\u00e9rir quelques pi\u00e8ces exceptionnelles et de faire le plein de produits mara\u00eechers, ou de d\u00e9couvrir les savoir-faire d\u2019excellents boulangers, bouchers et fromagers.\u00a0\u00bb &#8211; Jura 3 lacsVisitez le site ici \u00ab\u00a0Les Sonnailles est une manifestation, impr\u00e9gn\u00e9e d\u2019authenticit\u00e9. Elle r\u00e9unit chaque automne plus de 80 exposants, fiers de faire d\u00e9couvrir leurs cr\u00e9ations. Vous y rencontrerez des artisans, vignerons, fromagers, agriculteurs, bouchers, boulangers, dans une ambiance conviviale.\u00a0\u00bb &#8211; La C\u00f4teVisitez le site ici \u00ab\u00a0Au son des cloches ! B\u00e9n\u00e9ficiant g\u00e9n\u00e9ralement de l\u2019\u00e9t\u00e9 indien, c\u2019est une m\u00e9t\u00e9o capricieuse qui a pourtant marqu\u00e9 cette 22\u00e8me \u00e9dition de la Foire d\u2019automne et bourse aux sonnailles. En effet, la grisaille \u00e9tait de mise de vendredi 18 \u00e0 dimanche 20 octobre, avec m\u00eame des trombes diluviennes qui ont compliqu\u00e9 l\u2019organisation et le programme. Mais qu\u2019\u00e0 cela ne tienne, les chaleureux exposants ont accueilli le public qui a rejoint le site de Champbaillard pour ces trois jours d\u2019un \u00e9v\u00e9nement marquant la vie de notre r\u00e9gion!\u00a0\u00bb &#8211; Journal de CossonayVisitez le site ici Petit extrait d&rsquo;ambiance de 2017Petit reportage de la Tele en 2017 \u00ab\u00a0La bourse aux toupins sonne dans le Nozon! C&rsquo;est l&rsquo;heure de la bourse aux sonnailles et foire d&rsquo;automne \u00e0 Romainm\u00f4tier. Plus de 10 000 curieux et mordus sont attendus autour des cloches, du b\u00e9tail, et des produits du terroir.\u00a0\u00bb &#8211; 24 HeuresVisitez le site ici \u00ab\u00a0Odeur de soupe, accent nord-vaudois et cloches par milliers. Ce week-end, la Foire aux Sonnailles de Romainm\u00f4tier, dans le canton de Vaud, a accueilli pr\u00e8s de 12\u00a0000 visiteurs. Dans un contexte de clivage entre ville et campagne, comment se positionne la manifestation ?\u00a0\u00bb &#8211; AJM\/UNINEVisitez le site ici<\/p>\n","protected":false},"author":1,"featured_media":0,"parent":0,"menu_order":0,"comment_status":"closed","ping_status":"closed","template":"","meta":{"footnotes":""},"class_list":["post-425","page","type-page","status-publish","hentry"],"yoast_head":"<!-- This site is optimized with the Yoast SEO plugin v27.4 - https:\/\/yoast.com\/product\/yoast-seo-wordpress\/ -->\n<title>On parle de nous! - Les Sonnailles<\/title>\n<meta name=\"robots\" content=\"index, follow, max-snippet:-1, max-image-preview:large, max-video-preview:-1\" \/>\n<link rel=\"canonical\" href=\"https:\/\/lessonnailles.ch\/index.php\/on-parle-de-nous\/\" \/>\n<meta property=\"og:locale\" content=\"fr_FR\" \/>\n<meta property=\"og:type\" content=\"article\" \/>\n<meta property=\"og:title\" content=\"On parle de nous! - Les Sonnailles\" \/>\n<meta property=\"og:description\" content=\"\u00ab\u00a0A Romainm\u00f4tier, la Foire d&rsquo;automne et Bourse aux sonnailles est le rendez-vous des collectionneurs de cloches et des amoureux de produits du terroir. Un \u00e9v\u00e9nement authentique et pas bling-bling pour un sous!\u00a0\u00bb &#8211; Loisir.chVisitez le site ici \u00ab\u00a0Authentiques et anim\u00e9es, \u00ab\u00a0Les Sonnailles\u00a0\u00bb de Romainm\u00f4tier est le rendez-vous des \u00e9leveurs et passionn\u00e9s de sonnailles helv\u00e9tiques. Exposants, acheteurs et collectionneurs de cloches se retrouvent dans une ambiance typique, riche en saveurs et haute en couleur.\u00a0\u00bb &#8211; myvaud.chVisitez le site ici \u00ab\u00a0Sur le site de Champbaillard, surplombant la c\u00e9l\u00e8bre abbatiale de Romainm\u00f4tier et sa bourgade m\u00e9di\u00e9vale, \u00ab\u00a0Les Sonnailles\u00a0\u00bb est une manifestation, impr\u00e9gn\u00e9e d\u2019authenticit\u00e9. Elle r\u00e9unit chaque automne quelques 15&rsquo;000 visiteurs et plus de 80 exposants fiers de montrer leur production. L\u2019\u00e9v\u00e9nement propose un visage moderne et dynamique de l\u2019agriculture et des traditions r\u00e9gionales. Il offre l\u2019occasion d\u2019admirer ou d\u2019acqu\u00e9rir quelques pi\u00e8ces exceptionnelles et de faire le plein de produits mara\u00eechers, ou de d\u00e9couvrir les savoir-faire d\u2019excellents boulangers, bouchers et fromagers.\u00a0\u00bb &#8211; Jura 3 lacsVisitez le site ici \u00ab\u00a0Les Sonnailles est une manifestation, impr\u00e9gn\u00e9e d\u2019authenticit\u00e9. Elle r\u00e9unit chaque automne plus de 80 exposants, fiers de faire d\u00e9couvrir leurs cr\u00e9ations. Vous y rencontrerez des artisans, vignerons, fromagers, agriculteurs, bouchers, boulangers, dans une ambiance conviviale.\u00a0\u00bb &#8211; La C\u00f4teVisitez le site ici \u00ab\u00a0Au son des cloches ! B\u00e9n\u00e9ficiant g\u00e9n\u00e9ralement de l\u2019\u00e9t\u00e9 indien, c\u2019est une m\u00e9t\u00e9o capricieuse qui a pourtant marqu\u00e9 cette 22\u00e8me \u00e9dition de la Foire d\u2019automne et bourse aux sonnailles. En effet, la grisaille \u00e9tait de mise de vendredi 18 \u00e0 dimanche 20 octobre, avec m\u00eame des trombes diluviennes qui ont compliqu\u00e9 l\u2019organisation et le programme. Mais qu\u2019\u00e0 cela ne tienne, les chaleureux exposants ont accueilli le public qui a rejoint le site de Champbaillard pour ces trois jours d\u2019un \u00e9v\u00e9nement marquant la vie de notre r\u00e9gion!\u00a0\u00bb &#8211; Journal de CossonayVisitez le site ici Petit extrait d&rsquo;ambiance de 2017Petit reportage de la Tele en 2017 \u00ab\u00a0La bourse aux toupins sonne dans le Nozon! C&rsquo;est l&rsquo;heure de la bourse aux sonnailles et foire d&rsquo;automne \u00e0 Romainm\u00f4tier. Plus de 10 000 curieux et mordus sont attendus autour des cloches, du b\u00e9tail, et des produits du terroir.\u00a0\u00bb &#8211; 24 HeuresVisitez le site ici \u00ab\u00a0Odeur de soupe, accent nord-vaudois et cloches par milliers. Ce week-end, la Foire aux Sonnailles de Romainm\u00f4tier, dans le canton de Vaud, a accueilli pr\u00e8s de 12\u00a0000 visiteurs. Dans un contexte de clivage entre ville et campagne, comment se positionne la manifestation ?\u00a0\u00bb &#8211; AJM\/UNINEVisitez le site ici\" \/>\n<meta property=\"og:url\" content=\"https:\/\/lessonnailles.ch\/index.php\/on-parle-de-nous\/\" \/>\n<meta property=\"og:site_name\" content=\"Les Sonnailles\" \/>\n<meta property=\"article:publisher\" content=\"https:\/\/www.facebook.com\/FoireSonnailles\" \/>\n<meta property=\"article:modified_time\" content=\"2024-10-14T08:46:59+00:00\" \/>\n<meta name=\"twitter:card\" content=\"summary_large_image\" \/>\n<meta name=\"twitter:label1\" content=\"Dur\u00e9e de lecture estim\u00e9e\" \/>\n\t<meta name=\"twitter:data1\" content=\"3 minutes\" \/>\n<script type=\"application\/ld+json\" class=\"yoast-schema-graph\">{\"@context\":\"https:\\\/\\\/schema.org\",\"@graph\":[{\"@type\":\"WebPage\",\"@id\":\"https:\\\/\\\/lessonnailles.ch\\\/index.php\\\/on-parle-de-nous\\\/\",\"url\":\"https:\\\/\\\/lessonnailles.ch\\\/index.php\\\/on-parle-de-nous\\\/\",\"name\":\"On parle de nous! - Les Sonnailles\",\"isPartOf\":{\"@id\":\"https:\\\/\\\/lessonnailles.ch\\\/#website\"},\"datePublished\":\"2024-10-10T11:16:44+00:00\",\"dateModified\":\"2024-10-14T08:46:59+00:00\",\"breadcrumb\":{\"@id\":\"https:\\\/\\\/lessonnailles.ch\\\/index.php\\\/on-parle-de-nous\\\/#breadcrumb\"},\"inLanguage\":\"fr-FR\",\"potentialAction\":[{\"@type\":\"ReadAction\",\"target\":[\"https:\\\/\\\/lessonnailles.ch\\\/index.php\\\/on-parle-de-nous\\\/\"]}]},{\"@type\":\"BreadcrumbList\",\"@id\":\"https:\\\/\\\/lessonnailles.ch\\\/index.php\\\/on-parle-de-nous\\\/#breadcrumb\",\"itemListElement\":[{\"@type\":\"ListItem\",\"position\":1,\"name\":\"Accueil\",\"item\":\"https:\\\/\\\/lessonnailles.ch\\\/\"},{\"@type\":\"ListItem\",\"position\":2,\"name\":\"On parle de nous!\"}]},{\"@type\":\"WebSite\",\"@id\":\"https:\\\/\\\/lessonnailles.ch\\\/#website\",\"url\":\"https:\\\/\\\/lessonnailles.ch\\\/\",\"name\":\"Les Sonnailles\",\"description\":\"Vivez l&#039;authentique\",\"publisher\":{\"@id\":\"https:\\\/\\\/lessonnailles.ch\\\/#organization\"},\"potentialAction\":[{\"@type\":\"SearchAction\",\"target\":{\"@type\":\"EntryPoint\",\"urlTemplate\":\"https:\\\/\\\/lessonnailles.ch\\\/?s={search_term_string}\"},\"query-input\":{\"@type\":\"PropertyValueSpecification\",\"valueRequired\":true,\"valueName\":\"search_term_string\"}}],\"inLanguage\":\"fr-FR\"},{\"@type\":\"Organization\",\"@id\":\"https:\\\/\\\/lessonnailles.ch\\\/#organization\",\"name\":\"Les Sonnailles\",\"url\":\"https:\\\/\\\/lessonnailles.ch\\\/\",\"logo\":{\"@type\":\"ImageObject\",\"inLanguage\":\"fr-FR\",\"@id\":\"https:\\\/\\\/lessonnailles.ch\\\/#\\\/schema\\\/logo\\\/image\\\/\",\"url\":\"https:\\\/\\\/lessonnailles.ch\\\/wp-content\\\/uploads\\\/2023\\\/09\\\/cropped-logo-sonnailles_1.jpg\",\"contentUrl\":\"https:\\\/\\\/lessonnailles.ch\\\/wp-content\\\/uploads\\\/2023\\\/09\\\/cropped-logo-sonnailles_1.jpg\",\"width\":199,\"height\":146,\"caption\":\"Les Sonnailles\"},\"image\":{\"@id\":\"https:\\\/\\\/lessonnailles.ch\\\/#\\\/schema\\\/logo\\\/image\\\/\"},\"sameAs\":[\"https:\\\/\\\/www.facebook.com\\\/FoireSonnailles\",\"https:\\\/\\\/www.instagram.com\\\/explore\\\/locations\\\/112770856806436\\\/les-sonnailles-de-romainmotier\\\/\"]}]}<\/script>\n<!-- \/ Yoast SEO plugin. -->","yoast_head_json":{"title":"On parle de nous! - Les Sonnailles","robots":{"index":"index","follow":"follow","max-snippet":"max-snippet:-1","max-image-preview":"max-image-preview:large","max-video-preview":"max-video-preview:-1"},"canonical":"https:\/\/lessonnailles.ch\/index.php\/on-parle-de-nous\/","og_locale":"fr_FR","og_type":"article","og_title":"On parle de nous! - Les Sonnailles","og_description":"\u00ab\u00a0A Romainm\u00f4tier, la Foire d&rsquo;automne et Bourse aux sonnailles est le rendez-vous des collectionneurs de cloches et des amoureux de produits du terroir. Un \u00e9v\u00e9nement authentique et pas bling-bling pour un sous!\u00a0\u00bb &#8211; Loisir.chVisitez le site ici \u00ab\u00a0Authentiques et anim\u00e9es, \u00ab\u00a0Les Sonnailles\u00a0\u00bb de Romainm\u00f4tier est le rendez-vous des \u00e9leveurs et passionn\u00e9s de sonnailles helv\u00e9tiques. Exposants, acheteurs et collectionneurs de cloches se retrouvent dans une ambiance typique, riche en saveurs et haute en couleur.\u00a0\u00bb &#8211; myvaud.chVisitez le site ici \u00ab\u00a0Sur le site de Champbaillard, surplombant la c\u00e9l\u00e8bre abbatiale de Romainm\u00f4tier et sa bourgade m\u00e9di\u00e9vale, \u00ab\u00a0Les Sonnailles\u00a0\u00bb est une manifestation, impr\u00e9gn\u00e9e d\u2019authenticit\u00e9. Elle r\u00e9unit chaque automne quelques 15&rsquo;000 visiteurs et plus de 80 exposants fiers de montrer leur production. L\u2019\u00e9v\u00e9nement propose un visage moderne et dynamique de l\u2019agriculture et des traditions r\u00e9gionales. Il offre l\u2019occasion d\u2019admirer ou d\u2019acqu\u00e9rir quelques pi\u00e8ces exceptionnelles et de faire le plein de produits mara\u00eechers, ou de d\u00e9couvrir les savoir-faire d\u2019excellents boulangers, bouchers et fromagers.\u00a0\u00bb &#8211; Jura 3 lacsVisitez le site ici \u00ab\u00a0Les Sonnailles est une manifestation, impr\u00e9gn\u00e9e d\u2019authenticit\u00e9. Elle r\u00e9unit chaque automne plus de 80 exposants, fiers de faire d\u00e9couvrir leurs cr\u00e9ations. Vous y rencontrerez des artisans, vignerons, fromagers, agriculteurs, bouchers, boulangers, dans une ambiance conviviale.\u00a0\u00bb &#8211; La C\u00f4teVisitez le site ici \u00ab\u00a0Au son des cloches ! B\u00e9n\u00e9ficiant g\u00e9n\u00e9ralement de l\u2019\u00e9t\u00e9 indien, c\u2019est une m\u00e9t\u00e9o capricieuse qui a pourtant marqu\u00e9 cette 22\u00e8me \u00e9dition de la Foire d\u2019automne et bourse aux sonnailles. En effet, la grisaille \u00e9tait de mise de vendredi 18 \u00e0 dimanche 20 octobre, avec m\u00eame des trombes diluviennes qui ont compliqu\u00e9 l\u2019organisation et le programme. Mais qu\u2019\u00e0 cela ne tienne, les chaleureux exposants ont accueilli le public qui a rejoint le site de Champbaillard pour ces trois jours d\u2019un \u00e9v\u00e9nement marquant la vie de notre r\u00e9gion!\u00a0\u00bb &#8211; Journal de CossonayVisitez le site ici Petit extrait d&rsquo;ambiance de 2017Petit reportage de la Tele en 2017 \u00ab\u00a0La bourse aux toupins sonne dans le Nozon! C&rsquo;est l&rsquo;heure de la bourse aux sonnailles et foire d&rsquo;automne \u00e0 Romainm\u00f4tier. Plus de 10 000 curieux et mordus sont attendus autour des cloches, du b\u00e9tail, et des produits du terroir.\u00a0\u00bb &#8211; 24 HeuresVisitez le site ici \u00ab\u00a0Odeur de soupe, accent nord-vaudois et cloches par milliers. Ce week-end, la Foire aux Sonnailles de Romainm\u00f4tier, dans le canton de Vaud, a accueilli pr\u00e8s de 12\u00a0000 visiteurs. Dans un contexte de clivage entre ville et campagne, comment se positionne la manifestation ?\u00a0\u00bb &#8211; AJM\/UNINEVisitez le site ici","og_url":"https:\/\/lessonnailles.ch\/index.php\/on-parle-de-nous\/","og_site_name":"Les Sonnailles","article_publisher":"https:\/\/www.facebook.com\/FoireSonnailles","article_modified_time":"2024-10-14T08:46:59+00:00","twitter_card":"summary_large_image","twitter_misc":{"Dur\u00e9e de lecture estim\u00e9e":"3 minutes"},"schema":{"@context":"https:\/\/schema.org","@graph":[{"@type":"WebPage","@id":"https:\/\/lessonnailles.ch\/index.php\/on-parle-de-nous\/","url":"https:\/\/lessonnailles.ch\/index.php\/on-parle-de-nous\/","name":"On parle de nous! - Les Sonnailles","isPartOf":{"@id":"https:\/\/lessonnailles.ch\/#website"},"datePublished":"2024-10-10T11:16:44+00:00","dateModified":"2024-10-14T08:46:59+00:00","breadcrumb":{"@id":"https:\/\/lessonnailles.ch\/index.php\/on-parle-de-nous\/#breadcrumb"},"inLanguage":"fr-FR","potentialAction":[{"@type":"ReadAction","target":["https:\/\/lessonnailles.ch\/index.php\/on-parle-de-nous\/"]}]},{"@type":"BreadcrumbList","@id":"https:\/\/lessonnailles.ch\/index.php\/on-parle-de-nous\/#breadcrumb","itemListElement":[{"@type":"ListItem","position":1,"name":"Accueil","item":"https:\/\/lessonnailles.ch\/"},{"@type":"ListItem","position":2,"name":"On parle de nous!"}]},{"@type":"WebSite","@id":"https:\/\/lessonnailles.ch\/#website","url":"https:\/\/lessonnailles.ch\/","name":"Les Sonnailles","description":"Vivez l&#039;authentique","publisher":{"@id":"https:\/\/lessonnailles.ch\/#organization"},"potentialAction":[{"@type":"SearchAction","target":{"@type":"EntryPoint","urlTemplate":"https:\/\/lessonnailles.ch\/?s={search_term_string}"},"query-input":{"@type":"PropertyValueSpecification","valueRequired":true,"valueName":"search_term_string"}}],"inLanguage":"fr-FR"},{"@type":"Organization","@id":"https:\/\/lessonnailles.ch\/#organization","name":"Les Sonnailles","url":"https:\/\/lessonnailles.ch\/","logo":{"@type":"ImageObject","inLanguage":"fr-FR","@id":"https:\/\/lessonnailles.ch\/#\/schema\/logo\/image\/","url":"https:\/\/lessonnailles.ch\/wp-content\/uploads\/2023\/09\/cropped-logo-sonnailles_1.jpg","contentUrl":"https:\/\/lessonnailles.ch\/wp-content\/uploads\/2023\/09\/cropped-logo-sonnailles_1.jpg","width":199,"height":146,"caption":"Les Sonnailles"},"image":{"@id":"https:\/\/lessonnailles.ch\/#\/schema\/logo\/image\/"},"sameAs":["https:\/\/www.facebook.com\/FoireSonnailles","https:\/\/www.instagram.com\/explore\/locations\/112770856806436\/les-sonnailles-de-romainmotier\/"]}]}},"_links":{"self":[{"href":"https:\/\/lessonnailles.ch\/index.php\/wp-json\/wp\/v2\/pages\/425","targetHints":{"allow":["GET"]}}],"collection":[{"href":"https:\/\/lessonnailles.ch\/index.php\/wp-json\/wp\/v2\/pages"}],"about":[{"href":"https:\/\/lessonnailles.ch\/index.php\/wp-json\/wp\/v2\/types\/page"}],"author":[{"embeddable":true,"href":"https:\/\/lessonnailles.ch\/index.php\/wp-json\/wp\/v2\/users\/1"}],"replies":[{"embeddable":true,"href":"https:\/\/lessonnailles.ch\/index.php\/wp-json\/wp\/v2\/comments?post=425"}],"version-history":[{"count":22,"href":"https:\/\/lessonnailles.ch\/index.php\/wp-json\/wp\/v2\/pages\/425\/revisions"}],"predecessor-version":[{"id":487,"href":"https:\/\/lessonnailles.ch\/index.php\/wp-json\/wp\/v2\/pages\/425\/revisions\/487"}],"wp:attachment":[{"href":"https:\/\/lessonnailles.ch\/index.php\/wp-json\/wp\/v2\/media?parent=425"}],"curies":[{"name":"wp","href":"https:\/\/api.w.org\/{rel}","templated":true}]}}