{"id":57,"date":"2023-09-06T16:03:46","date_gmt":"2023-09-06T16:03:46","guid":{"rendered":"https:\/\/lessonnailles.ch\/?page_id=57"},"modified":"2026-02-27T14:45:11","modified_gmt":"2026-02-27T14:45:11","slug":"infos-pratiques","status":"publish","type":"page","link":"https:\/\/lessonnailles.ch\/index.php\/infos-pratiques\/","title":{"rendered":"Infos pratiques"},"content":{"rendered":"\n<div class=\"wp-block-group\"><div class=\"wp-block-group__inner-container is-layout-constrained wp-block-group-is-layout-constrained\">\n<div class=\"wp-block-group has-background is-vertical is-content-justification-stretch is-layout-flex wp-container-core-group-is-layout-353c4f5a wp-block-group-is-layout-flex\" style=\"background-color:#f79d0080\">\n<h1 class=\"wp-block-heading\" style=\"font-size:20px\"><strong>Horaires d&rsquo;ouverture<\/strong><\/h1>\n\n\n\n<h2 class=\"wp-block-heading\" style=\"font-size:16px\"><strong>Vendredi 09.10 de 10:00 \u00e0 21:00 &#8211; Samedi 10.10 de 10:00 \u00e0 21:00 &#8211; Dimanche 11.10 de 10:00 \u00e0 17:00<\/strong><\/h2>\n<\/div>\n<\/div><\/div>\n\n\n\n<div class=\"wp-block-group has-background is-vertical is-content-justification-stretch is-layout-flex wp-container-core-group-is-layout-353c4f5a wp-block-group-is-layout-flex\" style=\"background-color:#f79d004d\">\n<h1 class=\"wp-block-heading\" style=\"font-size:20px\"><strong>Le coin des infos<\/strong><\/h1>\n\n\n\n<h2 class=\"wp-block-heading\" style=\"font-size:16px;text-decoration:underline\"><strong>Entr\u00e9e<\/strong><\/h2>\n\n\n\n<h3 class=\"wp-block-heading\" style=\"font-size:14px\">6.- CHF &#8211; Valable 3 jours &#8211; Gratuite pour les enfants jusqu&rsquo;\u00e0 16 ans<br>Paiement Cash et TWINT \u00e0 l&rsquo;entr\u00e9e et sur tous les d\u00e9bits de boissons<br><strong>Merci pour votre soutien!<\/strong><\/h3>\n\n\n\n<h2 class=\"wp-block-heading\" style=\"font-size:16px;text-decoration:underline\"><strong>Cantine chauff\u00e9e et tonnelle<\/strong><\/h2>\n\n\n\n<h3 class=\"wp-block-heading\" style=\"font-size:14px\">Ouvertes le vendredi 10 et le samedi 11 tard dans la nuit!<\/h3>\n\n\n\n<h2 class=\"wp-block-heading\" style=\"font-size:16px;text-decoration:underline\"><strong>Restauration \u00e0 toute heure<\/strong><\/h2>\n\n\n\n<h3 class=\"wp-block-heading\" style=\"font-size:14px\">Tonnelle et buvette tenues par la fanfare de \u00ab\u00a0L&rsquo;Echo du Nozon\u00a0\u00bb<\/h3>\n<\/div>\n\n\n\n<div class=\"wp-block-group has-background is-vertical is-content-justification-stretch is-layout-flex wp-container-core-group-is-layout-353c4f5a wp-block-group-is-layout-flex\" style=\"background-color:#f79d0080\">\n<h1 class=\"wp-block-heading\" style=\"font-size:16px\"><strong>Comment venir nous trouver?<\/strong><\/h1>\n\n\n\n<h3 class=\"wp-block-heading\" style=\"font-size:16px\">Nous vous conseillons de venir en train jusqu&rsquo;\u00e0 la gare de Croy Romainm\u00f4tier. Vous pourrez ensuite rejoindre tr\u00e8s facilement la manifestation par bus-navettes gratuits. Le service continu fonctionne tous les jours aux horaires suivants: vendredi 9h00 &#8211; 22h00, samedi 9h00 &#8211; 21h00, dimanche 9h00 &#8211; 18h00. Il vous suffit d&rsquo;attendre pr\u00e8s de la signalisation en face de la gare.<\/h3>\n\n\n\n<p style=\"font-size:16px\">Pensez-y en cas de mauvais temps car les parkings risquent d&rsquo;\u00eatre impraticables!<\/p>\n\n\n\n<h2 class=\"wp-block-heading\" style=\"font-size:16px;text-decoration:underline\"><strong>En train<\/strong><\/h2>\n\n\n\n<h3 class=\"wp-block-heading\" style=\"font-size:14px\">La gare de Croy, situ\u00e9e \u00e0 3km, est bien desservie par les trains en provenance de Lausanne et de Vallorbe (<strong>cadence \u00e0 la demi-heure!<\/strong>) &#8211; Navettes \u00e0 disposition <br>Veuillez vous r\u00e9f\u00e9rez aux horaires officiels<br>Un tarif de groupe est possible en fonction du nombre de personnes et sur demande \u00e0 info@lessonnailles.ch<\/h3>\n\n\n\n<h2 class=\"wp-block-heading\" style=\"font-size:16px;text-decoration:underline\"><strong>A pied<\/strong><\/h2>\n\n\n\n<h3 class=\"wp-block-heading\" style=\"font-size:14px\">Magnifique itin\u00e9raire p\u00e9destre le long du Nozon et du canal entre Croy et Romainm\u00f4tier (<strong>dur\u00e9e de la balade ~30 min.<\/strong>)<br>Venez d\u00e9couvrir les for\u00eats du Vallon du Nozon en livr\u00e9e automnale!<\/h3>\n\n\n\n<h2 class=\"wp-block-heading\" style=\"font-size:16px;text-decoration:underline\"><strong>En voiture<\/strong><\/h2>\n\n\n\n<h3 class=\"wp-block-heading\" style=\"font-size:14px\">Parking \u00e0 20min. \u00e0 pied de la f\u00eate (<strong>navettes \u00e0 disposition \u00e0 la gare de Croy<\/strong>)<\/h3>\n\n\n\n<h2 class=\"wp-block-heading\" style=\"font-size:16px;text-decoration:underline\"><strong>Bus navettes<\/strong><\/h2>\n\n\n\n<h3 class=\"wp-block-heading has-text-align-left\" style=\"font-size:14px\">Pendant les 3 jours Gare de Croy &#8211; Romainm\u00f4tier \/ Champbaillard &#8211; Parking (<strong>jusqu&rsquo;\u00e0 une heure apr\u00e8s la fermeture des stands!<\/strong>)<\/h3>\n<\/div>\n\n\n\n<div class=\"wp-block-group has-background is-vertical is-content-justification-stretch is-layout-flex wp-container-core-group-is-layout-887de842 wp-block-group-is-layout-flex\" style=\"background-color:#f79d004d\">\n<h1 class=\"wp-block-heading\" style=\"font-size:20px\"><strong>Acc\u00e8s parking principal ~ Les Sonnailles 2025<\/strong><\/h1>\n\n\n\n<h2 class=\"wp-block-heading\" style=\"font-size:16px;text-decoration:underline\"><strong>Acc\u00e8s depuis l&rsquo;Est (Nord-Vaudois, Vallorbe, France, Berne)<\/strong><\/h2>\n\n\n\n<h3 class=\"wp-block-heading\" style=\"font-size:14px\">Suivre la direction de Romainm\u00f4tier, traverser le bourg direction Mont-la-Ville, tourner ensuite \u00e0 gauche direction Envy\/Moiry et <strong>se conformer aux indications du personnel<\/strong> (parking \u00e0 3min.)<\/h3>\n\n\n\n<h2 class=\"wp-block-heading\" style=\"font-size:16px;text-decoration:underline\"><strong>Acc\u00e8s depuis l&rsquo;Ouest (Cossonay, Morges, La C\u00f4te, Gen\u00e8ve)<\/strong><\/h2>\n\n\n\n<h3 class=\"wp-block-heading\" style=\"font-size:14px\">Suivre la direction Moiry, traverser le village, suivre Juriens et traverser la for\u00eat, <strong>se conformer \u00e0 la signalisation en place<\/strong> (parking \u00e0 5min. de Moiry)<\/h3>\n<\/div>\n\n\n\n<figure class=\"wp-block-image size-large is-style-default\"><img loading=\"lazy\" decoding=\"async\" width=\"1024\" height=\"724\" src=\"https:\/\/lessonnailles.ch\/wp-content\/uploads\/2025\/08\/Plan_Mobilite_Sonnailles_2025-1024x724.png\" alt=\"\" class=\"wp-image-518\" srcset=\"https:\/\/lessonnailles.ch\/wp-content\/uploads\/2025\/08\/Plan_Mobilite_Sonnailles_2025-1024x724.png 1024w, https:\/\/lessonnailles.ch\/wp-content\/uploads\/2025\/08\/Plan_Mobilite_Sonnailles_2025-300x212.png 300w, https:\/\/lessonnailles.ch\/wp-content\/uploads\/2025\/08\/Plan_Mobilite_Sonnailles_2025-768x543.png 768w, https:\/\/lessonnailles.ch\/wp-content\/uploads\/2025\/08\/Plan_Mobilite_Sonnailles_2025-1536x1086.png 1536w, https:\/\/lessonnailles.ch\/wp-content\/uploads\/2025\/08\/Plan_Mobilite_Sonnailles_2025-2048x1448.png 2048w, https:\/\/lessonnailles.ch\/wp-content\/uploads\/2025\/08\/Plan_Mobilite_Sonnailles_2025-1140x806.png 1140w\" sizes=\"auto, (max-width: 1024px) 100vw, 1024px\" \/><\/figure>\n","protected":false},"excerpt":{"rendered":"<p>Horaires d&rsquo;ouverture Vendredi 09.10 de 10:00 \u00e0 21:00 &#8211; Samedi 10.10 de 10:00 \u00e0 21:00 &#8211; Dimanche 11.10 de 10:00 \u00e0 17:00 Le coin des infos Entr\u00e9e 6.- CHF &#8211; Valable 3 jours &#8211; Gratuite pour les enfants jusqu&rsquo;\u00e0 16 ansPaiement Cash et TWINT \u00e0 l&rsquo;entr\u00e9e et sur tous les d\u00e9bits de boissonsMerci pour votre soutien! Cantine chauff\u00e9e et tonnelle Ouvertes le vendredi 10 et le samedi 11 tard dans la nuit! Restauration \u00e0 toute heure Tonnelle et buvette tenues par la fanfare de \u00ab\u00a0L&rsquo;Echo du Nozon\u00a0\u00bb Comment venir nous trouver? Nous vous conseillons de venir en train jusqu&rsquo;\u00e0 la gare de Croy Romainm\u00f4tier. Vous pourrez ensuite rejoindre tr\u00e8s facilement la manifestation par bus-navettes gratuits. Le service continu fonctionne tous les jours aux horaires suivants: vendredi 9h00 &#8211; 22h00, samedi 9h00 &#8211; 21h00, dimanche 9h00 &#8211; 18h00. Il vous suffit d&rsquo;attendre pr\u00e8s de la signalisation en face de la gare. Pensez-y en cas de mauvais temps car les parkings risquent d&rsquo;\u00eatre impraticables! En train La gare de Croy, situ\u00e9e \u00e0 3km, est bien desservie par les trains en provenance de Lausanne et de Vallorbe (cadence \u00e0 la demi-heure!) &#8211; Navettes \u00e0 disposition Veuillez vous r\u00e9f\u00e9rez aux horaires officielsUn tarif de groupe est possible en fonction du nombre de personnes et sur demande \u00e0 info@lessonnailles.ch A pied Magnifique itin\u00e9raire p\u00e9destre le long du Nozon et du canal entre Croy et Romainm\u00f4tier (dur\u00e9e de la balade ~30 min.)Venez d\u00e9couvrir les for\u00eats du Vallon du Nozon en livr\u00e9e automnale! En voiture Parking \u00e0 20min. \u00e0 pied de la f\u00eate (navettes \u00e0 disposition \u00e0 la gare de Croy) Bus navettes Pendant les 3 jours Gare de Croy &#8211; Romainm\u00f4tier \/ Champbaillard &#8211; Parking (jusqu&rsquo;\u00e0 une heure apr\u00e8s la fermeture des stands!) Acc\u00e8s parking principal ~ Les Sonnailles 2025 Acc\u00e8s depuis l&rsquo;Est (Nord-Vaudois, Vallorbe, France, Berne) Suivre la direction de Romainm\u00f4tier, traverser le bourg direction Mont-la-Ville, tourner ensuite \u00e0 gauche direction Envy\/Moiry et se conformer aux indications du personnel (parking \u00e0 3min.) Acc\u00e8s depuis l&rsquo;Ouest (Cossonay, Morges, La C\u00f4te, Gen\u00e8ve) Suivre la direction Moiry, traverser le village, suivre Juriens et traverser la for\u00eat, se conformer \u00e0 la signalisation en place (parking \u00e0 5min. de Moiry)<\/p>\n","protected":false},"author":1,"featured_media":0,"parent":0,"menu_order":0,"comment_status":"closed","ping_status":"closed","template":"","meta":{"footnotes":""},"class_list":["post-57","page","type-page","status-publish","hentry"],"yoast_head":"<!-- This site is optimized with the Yoast SEO plugin v27.4 - https:\/\/yoast.com\/product\/yoast-seo-wordpress\/ -->\n<title>Infos pratiques - Les Sonnailles<\/title>\n<meta name=\"robots\" content=\"index, follow, max-snippet:-1, max-image-preview:large, max-video-preview:-1\" \/>\n<link rel=\"canonical\" href=\"https:\/\/lessonnailles.ch\/index.php\/infos-pratiques\/\" \/>\n<meta property=\"og:locale\" content=\"fr_FR\" \/>\n<meta property=\"og:type\" content=\"article\" \/>\n<meta property=\"og:title\" content=\"Infos pratiques - Les Sonnailles\" \/>\n<meta property=\"og:description\" content=\"Horaires d&rsquo;ouverture Vendredi 09.10 de 10:00 \u00e0 21:00 &#8211; Samedi 10.10 de 10:00 \u00e0 21:00 &#8211; Dimanche 11.10 de 10:00 \u00e0 17:00 Le coin des infos Entr\u00e9e 6.- CHF &#8211; Valable 3 jours &#8211; Gratuite pour les enfants jusqu&rsquo;\u00e0 16 ansPaiement Cash et TWINT \u00e0 l&rsquo;entr\u00e9e et sur tous les d\u00e9bits de boissonsMerci pour votre soutien! Cantine chauff\u00e9e et tonnelle Ouvertes le vendredi 10 et le samedi 11 tard dans la nuit! Restauration \u00e0 toute heure Tonnelle et buvette tenues par la fanfare de \u00ab\u00a0L&rsquo;Echo du Nozon\u00a0\u00bb Comment venir nous trouver? Nous vous conseillons de venir en train jusqu&rsquo;\u00e0 la gare de Croy Romainm\u00f4tier. Vous pourrez ensuite rejoindre tr\u00e8s facilement la manifestation par bus-navettes gratuits. Le service continu fonctionne tous les jours aux horaires suivants: vendredi 9h00 &#8211; 22h00, samedi 9h00 &#8211; 21h00, dimanche 9h00 &#8211; 18h00. Il vous suffit d&rsquo;attendre pr\u00e8s de la signalisation en face de la gare. Pensez-y en cas de mauvais temps car les parkings risquent d&rsquo;\u00eatre impraticables! En train La gare de Croy, situ\u00e9e \u00e0 3km, est bien desservie par les trains en provenance de Lausanne et de Vallorbe (cadence \u00e0 la demi-heure!) &#8211; Navettes \u00e0 disposition Veuillez vous r\u00e9f\u00e9rez aux horaires officielsUn tarif de groupe est possible en fonction du nombre de personnes et sur demande \u00e0 info@lessonnailles.ch A pied Magnifique itin\u00e9raire p\u00e9destre le long du Nozon et du canal entre Croy et Romainm\u00f4tier (dur\u00e9e de la balade ~30 min.)Venez d\u00e9couvrir les for\u00eats du Vallon du Nozon en livr\u00e9e automnale! En voiture Parking \u00e0 20min. \u00e0 pied de la f\u00eate (navettes \u00e0 disposition \u00e0 la gare de Croy) Bus navettes Pendant les 3 jours Gare de Croy &#8211; Romainm\u00f4tier \/ Champbaillard &#8211; Parking (jusqu&rsquo;\u00e0 une heure apr\u00e8s la fermeture des stands!) Acc\u00e8s parking principal ~ Les Sonnailles 2025 Acc\u00e8s depuis l&rsquo;Est (Nord-Vaudois, Vallorbe, France, Berne) Suivre la direction de Romainm\u00f4tier, traverser le bourg direction Mont-la-Ville, tourner ensuite \u00e0 gauche direction Envy\/Moiry et se conformer aux indications du personnel (parking \u00e0 3min.) Acc\u00e8s depuis l&rsquo;Ouest (Cossonay, Morges, La C\u00f4te, Gen\u00e8ve) Suivre la direction Moiry, traverser le village, suivre Juriens et traverser la for\u00eat, se conformer \u00e0 la signalisation en place (parking \u00e0 5min. de Moiry)\" \/>\n<meta property=\"og:url\" content=\"https:\/\/lessonnailles.ch\/index.php\/infos-pratiques\/\" \/>\n<meta property=\"og:site_name\" content=\"Les Sonnailles\" \/>\n<meta property=\"article:publisher\" content=\"https:\/\/www.facebook.com\/FoireSonnailles\" \/>\n<meta property=\"article:modified_time\" content=\"2026-02-27T14:45:11+00:00\" \/>\n<meta property=\"og:image\" content=\"https:\/\/lessonnailles.ch\/wp-content\/uploads\/2025\/08\/Plan_Mobilite_Sonnailles_2025-1024x724.png\" \/>\n\t<meta property=\"og:image:width\" content=\"1024\" \/>\n\t<meta property=\"og:image:height\" content=\"724\" \/>\n\t<meta property=\"og:image:type\" content=\"image\/png\" \/>\n<meta name=\"twitter:card\" content=\"summary_large_image\" \/>\n<meta name=\"twitter:label1\" content=\"Dur\u00e9e de lecture estim\u00e9e\" \/>\n\t<meta name=\"twitter:data1\" content=\"3 minutes\" \/>\n<script type=\"application\/ld+json\" class=\"yoast-schema-graph\">{\"@context\":\"https:\\\/\\\/schema.org\",\"@graph\":[{\"@type\":\"WebPage\",\"@id\":\"https:\\\/\\\/lessonnailles.ch\\\/index.php\\\/infos-pratiques\\\/\",\"url\":\"https:\\\/\\\/lessonnailles.ch\\\/index.php\\\/infos-pratiques\\\/\",\"name\":\"Infos pratiques - Les Sonnailles\",\"isPartOf\":{\"@id\":\"https:\\\/\\\/lessonnailles.ch\\\/#website\"},\"primaryImageOfPage\":{\"@id\":\"https:\\\/\\\/lessonnailles.ch\\\/index.php\\\/infos-pratiques\\\/#primaryimage\"},\"image\":{\"@id\":\"https:\\\/\\\/lessonnailles.ch\\\/index.php\\\/infos-pratiques\\\/#primaryimage\"},\"thumbnailUrl\":\"https:\\\/\\\/lessonnailles.ch\\\/wp-content\\\/uploads\\\/2025\\\/08\\\/Plan_Mobilite_Sonnailles_2025-1024x724.png\",\"datePublished\":\"2023-09-06T16:03:46+00:00\",\"dateModified\":\"2026-02-27T14:45:11+00:00\",\"breadcrumb\":{\"@id\":\"https:\\\/\\\/lessonnailles.ch\\\/index.php\\\/infos-pratiques\\\/#breadcrumb\"},\"inLanguage\":\"fr-FR\",\"potentialAction\":[{\"@type\":\"ReadAction\",\"target\":[\"https:\\\/\\\/lessonnailles.ch\\\/index.php\\\/infos-pratiques\\\/\"]}]},{\"@type\":\"ImageObject\",\"inLanguage\":\"fr-FR\",\"@id\":\"https:\\\/\\\/lessonnailles.ch\\\/index.php\\\/infos-pratiques\\\/#primaryimage\",\"url\":\"https:\\\/\\\/lessonnailles.ch\\\/wp-content\\\/uploads\\\/2025\\\/08\\\/Plan_Mobilite_Sonnailles_2025-scaled.png\",\"contentUrl\":\"https:\\\/\\\/lessonnailles.ch\\\/wp-content\\\/uploads\\\/2025\\\/08\\\/Plan_Mobilite_Sonnailles_2025-scaled.png\",\"width\":2560,\"height\":1810},{\"@type\":\"BreadcrumbList\",\"@id\":\"https:\\\/\\\/lessonnailles.ch\\\/index.php\\\/infos-pratiques\\\/#breadcrumb\",\"itemListElement\":[{\"@type\":\"ListItem\",\"position\":1,\"name\":\"Accueil\",\"item\":\"https:\\\/\\\/lessonnailles.ch\\\/\"},{\"@type\":\"ListItem\",\"position\":2,\"name\":\"Infos pratiques\"}]},{\"@type\":\"WebSite\",\"@id\":\"https:\\\/\\\/lessonnailles.ch\\\/#website\",\"url\":\"https:\\\/\\\/lessonnailles.ch\\\/\",\"name\":\"Les Sonnailles\",\"description\":\"Vivez l&#039;authentique\",\"publisher\":{\"@id\":\"https:\\\/\\\/lessonnailles.ch\\\/#organization\"},\"potentialAction\":[{\"@type\":\"SearchAction\",\"target\":{\"@type\":\"EntryPoint\",\"urlTemplate\":\"https:\\\/\\\/lessonnailles.ch\\\/?s={search_term_string}\"},\"query-input\":{\"@type\":\"PropertyValueSpecification\",\"valueRequired\":true,\"valueName\":\"search_term_string\"}}],\"inLanguage\":\"fr-FR\"},{\"@type\":\"Organization\",\"@id\":\"https:\\\/\\\/lessonnailles.ch\\\/#organization\",\"name\":\"Les Sonnailles\",\"url\":\"https:\\\/\\\/lessonnailles.ch\\\/\",\"logo\":{\"@type\":\"ImageObject\",\"inLanguage\":\"fr-FR\",\"@id\":\"https:\\\/\\\/lessonnailles.ch\\\/#\\\/schema\\\/logo\\\/image\\\/\",\"url\":\"https:\\\/\\\/lessonnailles.ch\\\/wp-content\\\/uploads\\\/2023\\\/09\\\/cropped-logo-sonnailles_1.jpg\",\"contentUrl\":\"https:\\\/\\\/lessonnailles.ch\\\/wp-content\\\/uploads\\\/2023\\\/09\\\/cropped-logo-sonnailles_1.jpg\",\"width\":199,\"height\":146,\"caption\":\"Les Sonnailles\"},\"image\":{\"@id\":\"https:\\\/\\\/lessonnailles.ch\\\/#\\\/schema\\\/logo\\\/image\\\/\"},\"sameAs\":[\"https:\\\/\\\/www.facebook.com\\\/FoireSonnailles\",\"https:\\\/\\\/www.instagram.com\\\/explore\\\/locations\\\/112770856806436\\\/les-sonnailles-de-romainmotier\\\/\"]}]}<\/script>\n<!-- \/ Yoast SEO plugin. -->","yoast_head_json":{"title":"Infos pratiques - Les Sonnailles","robots":{"index":"index","follow":"follow","max-snippet":"max-snippet:-1","max-image-preview":"max-image-preview:large","max-video-preview":"max-video-preview:-1"},"canonical":"https:\/\/lessonnailles.ch\/index.php\/infos-pratiques\/","og_locale":"fr_FR","og_type":"article","og_title":"Infos pratiques - Les Sonnailles","og_description":"Horaires d&rsquo;ouverture Vendredi 09.10 de 10:00 \u00e0 21:00 &#8211; Samedi 10.10 de 10:00 \u00e0 21:00 &#8211; Dimanche 11.10 de 10:00 \u00e0 17:00 Le coin des infos Entr\u00e9e 6.- CHF &#8211; Valable 3 jours &#8211; Gratuite pour les enfants jusqu&rsquo;\u00e0 16 ansPaiement Cash et TWINT \u00e0 l&rsquo;entr\u00e9e et sur tous les d\u00e9bits de boissonsMerci pour votre soutien! Cantine chauff\u00e9e et tonnelle Ouvertes le vendredi 10 et le samedi 11 tard dans la nuit! Restauration \u00e0 toute heure Tonnelle et buvette tenues par la fanfare de \u00ab\u00a0L&rsquo;Echo du Nozon\u00a0\u00bb Comment venir nous trouver? Nous vous conseillons de venir en train jusqu&rsquo;\u00e0 la gare de Croy Romainm\u00f4tier. Vous pourrez ensuite rejoindre tr\u00e8s facilement la manifestation par bus-navettes gratuits. Le service continu fonctionne tous les jours aux horaires suivants: vendredi 9h00 &#8211; 22h00, samedi 9h00 &#8211; 21h00, dimanche 9h00 &#8211; 18h00. Il vous suffit d&rsquo;attendre pr\u00e8s de la signalisation en face de la gare. Pensez-y en cas de mauvais temps car les parkings risquent d&rsquo;\u00eatre impraticables! En train La gare de Croy, situ\u00e9e \u00e0 3km, est bien desservie par les trains en provenance de Lausanne et de Vallorbe (cadence \u00e0 la demi-heure!) &#8211; Navettes \u00e0 disposition Veuillez vous r\u00e9f\u00e9rez aux horaires officielsUn tarif de groupe est possible en fonction du nombre de personnes et sur demande \u00e0 info@lessonnailles.ch A pied Magnifique itin\u00e9raire p\u00e9destre le long du Nozon et du canal entre Croy et Romainm\u00f4tier (dur\u00e9e de la balade ~30 min.)Venez d\u00e9couvrir les for\u00eats du Vallon du Nozon en livr\u00e9e automnale! En voiture Parking \u00e0 20min. \u00e0 pied de la f\u00eate (navettes \u00e0 disposition \u00e0 la gare de Croy) Bus navettes Pendant les 3 jours Gare de Croy &#8211; Romainm\u00f4tier \/ Champbaillard &#8211; Parking (jusqu&rsquo;\u00e0 une heure apr\u00e8s la fermeture des stands!) Acc\u00e8s parking principal ~ Les Sonnailles 2025 Acc\u00e8s depuis l&rsquo;Est (Nord-Vaudois, Vallorbe, France, Berne) Suivre la direction de Romainm\u00f4tier, traverser le bourg direction Mont-la-Ville, tourner ensuite \u00e0 gauche direction Envy\/Moiry et se conformer aux indications du personnel (parking \u00e0 3min.) Acc\u00e8s depuis l&rsquo;Ouest (Cossonay, Morges, La C\u00f4te, Gen\u00e8ve) Suivre la direction Moiry, traverser le village, suivre Juriens et traverser la for\u00eat, se conformer \u00e0 la signalisation en place (parking \u00e0 5min. de Moiry)","og_url":"https:\/\/lessonnailles.ch\/index.php\/infos-pratiques\/","og_site_name":"Les Sonnailles","article_publisher":"https:\/\/www.facebook.com\/FoireSonnailles","article_modified_time":"2026-02-27T14:45:11+00:00","og_image":[{"width":1024,"height":724,"url":"https:\/\/lessonnailles.ch\/wp-content\/uploads\/2025\/08\/Plan_Mobilite_Sonnailles_2025-1024x724.png","type":"image\/png"}],"twitter_card":"summary_large_image","twitter_misc":{"Dur\u00e9e de lecture estim\u00e9e":"3 minutes"},"schema":{"@context":"https:\/\/schema.org","@graph":[{"@type":"WebPage","@id":"https:\/\/lessonnailles.ch\/index.php\/infos-pratiques\/","url":"https:\/\/lessonnailles.ch\/index.php\/infos-pratiques\/","name":"Infos pratiques - Les Sonnailles","isPartOf":{"@id":"https:\/\/lessonnailles.ch\/#website"},"primaryImageOfPage":{"@id":"https:\/\/lessonnailles.ch\/index.php\/infos-pratiques\/#primaryimage"},"image":{"@id":"https:\/\/lessonnailles.ch\/index.php\/infos-pratiques\/#primaryimage"},"thumbnailUrl":"https:\/\/lessonnailles.ch\/wp-content\/uploads\/2025\/08\/Plan_Mobilite_Sonnailles_2025-1024x724.png","datePublished":"2023-09-06T16:03:46+00:00","dateModified":"2026-02-27T14:45:11+00:00","breadcrumb":{"@id":"https:\/\/lessonnailles.ch\/index.php\/infos-pratiques\/#breadcrumb"},"inLanguage":"fr-FR","potentialAction":[{"@type":"ReadAction","target":["https:\/\/lessonnailles.ch\/index.php\/infos-pratiques\/"]}]},{"@type":"ImageObject","inLanguage":"fr-FR","@id":"https:\/\/lessonnailles.ch\/index.php\/infos-pratiques\/#primaryimage","url":"https:\/\/lessonnailles.ch\/wp-content\/uploads\/2025\/08\/Plan_Mobilite_Sonnailles_2025-scaled.png","contentUrl":"https:\/\/lessonnailles.ch\/wp-content\/uploads\/2025\/08\/Plan_Mobilite_Sonnailles_2025-scaled.png","width":2560,"height":1810},{"@type":"BreadcrumbList","@id":"https:\/\/lessonnailles.ch\/index.php\/infos-pratiques\/#breadcrumb","itemListElement":[{"@type":"ListItem","position":1,"name":"Accueil","item":"https:\/\/lessonnailles.ch\/"},{"@type":"ListItem","position":2,"name":"Infos pratiques"}]},{"@type":"WebSite","@id":"https:\/\/lessonnailles.ch\/#website","url":"https:\/\/lessonnailles.ch\/","name":"Les Sonnailles","description":"Vivez l&#039;authentique","publisher":{"@id":"https:\/\/lessonnailles.ch\/#organization"},"potentialAction":[{"@type":"SearchAction","target":{"@type":"EntryPoint","urlTemplate":"https:\/\/lessonnailles.ch\/?s={search_term_string}"},"query-input":{"@type":"PropertyValueSpecification","valueRequired":true,"valueName":"search_term_string"}}],"inLanguage":"fr-FR"},{"@type":"Organization","@id":"https:\/\/lessonnailles.ch\/#organization","name":"Les Sonnailles","url":"https:\/\/lessonnailles.ch\/","logo":{"@type":"ImageObject","inLanguage":"fr-FR","@id":"https:\/\/lessonnailles.ch\/#\/schema\/logo\/image\/","url":"https:\/\/lessonnailles.ch\/wp-content\/uploads\/2023\/09\/cropped-logo-sonnailles_1.jpg","contentUrl":"https:\/\/lessonnailles.ch\/wp-content\/uploads\/2023\/09\/cropped-logo-sonnailles_1.jpg","width":199,"height":146,"caption":"Les Sonnailles"},"image":{"@id":"https:\/\/lessonnailles.ch\/#\/schema\/logo\/image\/"},"sameAs":["https:\/\/www.facebook.com\/FoireSonnailles","https:\/\/www.instagram.com\/explore\/locations\/112770856806436\/les-sonnailles-de-romainmotier\/"]}]}},"_links":{"self":[{"href":"https:\/\/lessonnailles.ch\/index.php\/wp-json\/wp\/v2\/pages\/57","targetHints":{"allow":["GET"]}}],"collection":[{"href":"https:\/\/lessonnailles.ch\/index.php\/wp-json\/wp\/v2\/pages"}],"about":[{"href":"https:\/\/lessonnailles.ch\/index.php\/wp-json\/wp\/v2\/types\/page"}],"author":[{"embeddable":true,"href":"https:\/\/lessonnailles.ch\/index.php\/wp-json\/wp\/v2\/users\/1"}],"replies":[{"embeddable":true,"href":"https:\/\/lessonnailles.ch\/index.php\/wp-json\/wp\/v2\/comments?post=57"}],"version-history":[{"count":69,"href":"https:\/\/lessonnailles.ch\/index.php\/wp-json\/wp\/v2\/pages\/57\/revisions"}],"predecessor-version":[{"id":574,"href":"https:\/\/lessonnailles.ch\/index.php\/wp-json\/wp\/v2\/pages\/57\/revisions\/574"}],"wp:attachment":[{"href":"https:\/\/lessonnailles.ch\/index.php\/wp-json\/wp\/v2\/media?parent=57"}],"curies":[{"name":"wp","href":"https:\/\/api.w.org\/{rel}","templated":true}]}}