{"id":58,"date":"2023-09-06T16:03:46","date_gmt":"2023-09-06T16:03:46","guid":{"rendered":"https:\/\/lessonnailles.ch\/?page_id=58"},"modified":"2026-02-27T14:42:16","modified_gmt":"2026-02-27T14:42:16","slug":"benevoles","status":"publish","type":"page","link":"https:\/\/lessonnailles.ch\/index.php\/benevoles\/","title":{"rendered":"B\u00e9n\u00e9voles"},"content":{"rendered":"\n<div class=\"wp-block-group has-background is-vertical is-content-justification-center is-layout-flex wp-container-core-group-is-layout-ce155fab wp-block-group-is-layout-flex\" style=\"background-color:#f79d0080\">\n<h3 class=\"wp-block-heading\">Chaque ann\u00e9e nous avons la chance de pouvoir compter sur de nombreuses et nombreux b\u00e9n\u00e9voles pour nous pr\u00eater main forte afin d\u2019assurer le bon d\u00e9roulement de la manifestation. <\/h3>\n\n\n\n<h3 class=\"wp-block-heading\">Nous adressons nos chaleureux remerciements \u00e0 toutes et tous les b\u00e9n\u00e9voles de l\u2019\u00e9dition 2025!<\/h3>\n\n\n\n<h3 class=\"wp-block-heading\"><strong>Vous pouvez d&rsquo;ores et d\u00e9j\u00e0 vous annoncer comme b\u00e9n\u00e9vole pour l&rsquo;\u00e9dition prochaine en remplissant ce formulaire en ligne :<\/strong><br><br><a href=\"https:\/\/form.fillout.com\/t\/hX13BeRAGKus\" target=\"_blank\" rel=\"noreferrer noopener\">Lien vers le formulaire d&rsquo;inscription<\/a><br><br>En vous remerciant pour votre engagement, nous nous r\u00e9jouissons de vous retrouver \u00e0 la f\u00eate!<br><br><\/h3>\n\n\n\n<p><\/p>\n\n\n\n<p><\/p>\n<\/div>\n\n\n\n<p><\/p>\n","protected":false},"excerpt":{"rendered":"<p>Chaque ann\u00e9e nous avons la chance de pouvoir compter sur de nombreuses et nombreux b\u00e9n\u00e9voles pour nous pr\u00eater main forte afin d\u2019assurer le bon d\u00e9roulement de la manifestation. Nous adressons nos chaleureux remerciements \u00e0 toutes et tous les b\u00e9n\u00e9voles de l\u2019\u00e9dition 2025! Vous pouvez d&rsquo;ores et d\u00e9j\u00e0 vous annoncer comme b\u00e9n\u00e9vole pour l&rsquo;\u00e9dition prochaine en remplissant ce formulaire en ligne : Lien vers le formulaire d&rsquo;inscription En vous remerciant pour votre engagement, nous nous r\u00e9jouissons de vous retrouver \u00e0 la f\u00eate!<\/p>\n","protected":false},"author":1,"featured_media":0,"parent":0,"menu_order":0,"comment_status":"closed","ping_status":"closed","template":"","meta":{"footnotes":""},"class_list":["post-58","page","type-page","status-publish","hentry"],"yoast_head":"<!-- This site is optimized with the Yoast SEO plugin v27.4 - https:\/\/yoast.com\/product\/yoast-seo-wordpress\/ -->\n<title>B\u00e9n\u00e9voles - Les Sonnailles<\/title>\n<meta name=\"robots\" content=\"index, follow, max-snippet:-1, max-image-preview:large, max-video-preview:-1\" \/>\n<link rel=\"canonical\" href=\"https:\/\/lessonnailles.ch\/index.php\/benevoles\/\" \/>\n<meta property=\"og:locale\" content=\"fr_FR\" \/>\n<meta property=\"og:type\" content=\"article\" \/>\n<meta property=\"og:title\" content=\"B\u00e9n\u00e9voles - Les Sonnailles\" \/>\n<meta property=\"og:description\" content=\"Chaque ann\u00e9e nous avons la chance de pouvoir compter sur de nombreuses et nombreux b\u00e9n\u00e9voles pour nous pr\u00eater main forte afin d\u2019assurer le bon d\u00e9roulement de la manifestation. Nous adressons nos chaleureux remerciements \u00e0 toutes et tous les b\u00e9n\u00e9voles de l\u2019\u00e9dition 2025! Vous pouvez d&rsquo;ores et d\u00e9j\u00e0 vous annoncer comme b\u00e9n\u00e9vole pour l&rsquo;\u00e9dition prochaine en remplissant ce formulaire en ligne : Lien vers le formulaire d&rsquo;inscription En vous remerciant pour votre engagement, nous nous r\u00e9jouissons de vous retrouver \u00e0 la f\u00eate!\" \/>\n<meta property=\"og:url\" content=\"https:\/\/lessonnailles.ch\/index.php\/benevoles\/\" \/>\n<meta property=\"og:site_name\" content=\"Les Sonnailles\" \/>\n<meta property=\"article:publisher\" content=\"https:\/\/www.facebook.com\/FoireSonnailles\" \/>\n<meta property=\"article:modified_time\" content=\"2026-02-27T14:42:16+00:00\" \/>\n<meta name=\"twitter:card\" content=\"summary_large_image\" \/>\n<meta name=\"twitter:label1\" content=\"Dur\u00e9e de lecture estim\u00e9e\" \/>\n\t<meta name=\"twitter:data1\" content=\"1 minute\" \/>\n<script type=\"application\/ld+json\" class=\"yoast-schema-graph\">{\"@context\":\"https:\\\/\\\/schema.org\",\"@graph\":[{\"@type\":\"WebPage\",\"@id\":\"https:\\\/\\\/lessonnailles.ch\\\/index.php\\\/benevoles\\\/\",\"url\":\"https:\\\/\\\/lessonnailles.ch\\\/index.php\\\/benevoles\\\/\",\"name\":\"B\u00e9n\u00e9voles - Les Sonnailles\",\"isPartOf\":{\"@id\":\"https:\\\/\\\/lessonnailles.ch\\\/#website\"},\"datePublished\":\"2023-09-06T16:03:46+00:00\",\"dateModified\":\"2026-02-27T14:42:16+00:00\",\"breadcrumb\":{\"@id\":\"https:\\\/\\\/lessonnailles.ch\\\/index.php\\\/benevoles\\\/#breadcrumb\"},\"inLanguage\":\"fr-FR\",\"potentialAction\":[{\"@type\":\"ReadAction\",\"target\":[\"https:\\\/\\\/lessonnailles.ch\\\/index.php\\\/benevoles\\\/\"]}]},{\"@type\":\"BreadcrumbList\",\"@id\":\"https:\\\/\\\/lessonnailles.ch\\\/index.php\\\/benevoles\\\/#breadcrumb\",\"itemListElement\":[{\"@type\":\"ListItem\",\"position\":1,\"name\":\"Accueil\",\"item\":\"https:\\\/\\\/lessonnailles.ch\\\/\"},{\"@type\":\"ListItem\",\"position\":2,\"name\":\"B\u00e9n\u00e9voles\"}]},{\"@type\":\"WebSite\",\"@id\":\"https:\\\/\\\/lessonnailles.ch\\\/#website\",\"url\":\"https:\\\/\\\/lessonnailles.ch\\\/\",\"name\":\"Les Sonnailles\",\"description\":\"Vivez l&#039;authentique\",\"publisher\":{\"@id\":\"https:\\\/\\\/lessonnailles.ch\\\/#organization\"},\"potentialAction\":[{\"@type\":\"SearchAction\",\"target\":{\"@type\":\"EntryPoint\",\"urlTemplate\":\"https:\\\/\\\/lessonnailles.ch\\\/?s={search_term_string}\"},\"query-input\":{\"@type\":\"PropertyValueSpecification\",\"valueRequired\":true,\"valueName\":\"search_term_string\"}}],\"inLanguage\":\"fr-FR\"},{\"@type\":\"Organization\",\"@id\":\"https:\\\/\\\/lessonnailles.ch\\\/#organization\",\"name\":\"Les Sonnailles\",\"url\":\"https:\\\/\\\/lessonnailles.ch\\\/\",\"logo\":{\"@type\":\"ImageObject\",\"inLanguage\":\"fr-FR\",\"@id\":\"https:\\\/\\\/lessonnailles.ch\\\/#\\\/schema\\\/logo\\\/image\\\/\",\"url\":\"https:\\\/\\\/lessonnailles.ch\\\/wp-content\\\/uploads\\\/2023\\\/09\\\/cropped-logo-sonnailles_1.jpg\",\"contentUrl\":\"https:\\\/\\\/lessonnailles.ch\\\/wp-content\\\/uploads\\\/2023\\\/09\\\/cropped-logo-sonnailles_1.jpg\",\"width\":199,\"height\":146,\"caption\":\"Les Sonnailles\"},\"image\":{\"@id\":\"https:\\\/\\\/lessonnailles.ch\\\/#\\\/schema\\\/logo\\\/image\\\/\"},\"sameAs\":[\"https:\\\/\\\/www.facebook.com\\\/FoireSonnailles\",\"https:\\\/\\\/www.instagram.com\\\/explore\\\/locations\\\/112770856806436\\\/les-sonnailles-de-romainmotier\\\/\"]}]}<\/script>\n<!-- \/ Yoast SEO plugin. -->","yoast_head_json":{"title":"B\u00e9n\u00e9voles - Les Sonnailles","robots":{"index":"index","follow":"follow","max-snippet":"max-snippet:-1","max-image-preview":"max-image-preview:large","max-video-preview":"max-video-preview:-1"},"canonical":"https:\/\/lessonnailles.ch\/index.php\/benevoles\/","og_locale":"fr_FR","og_type":"article","og_title":"B\u00e9n\u00e9voles - Les Sonnailles","og_description":"Chaque ann\u00e9e nous avons la chance de pouvoir compter sur de nombreuses et nombreux b\u00e9n\u00e9voles pour nous pr\u00eater main forte afin d\u2019assurer le bon d\u00e9roulement de la manifestation. Nous adressons nos chaleureux remerciements \u00e0 toutes et tous les b\u00e9n\u00e9voles de l\u2019\u00e9dition 2025! Vous pouvez d&rsquo;ores et d\u00e9j\u00e0 vous annoncer comme b\u00e9n\u00e9vole pour l&rsquo;\u00e9dition prochaine en remplissant ce formulaire en ligne : Lien vers le formulaire d&rsquo;inscription En vous remerciant pour votre engagement, nous nous r\u00e9jouissons de vous retrouver \u00e0 la f\u00eate!","og_url":"https:\/\/lessonnailles.ch\/index.php\/benevoles\/","og_site_name":"Les Sonnailles","article_publisher":"https:\/\/www.facebook.com\/FoireSonnailles","article_modified_time":"2026-02-27T14:42:16+00:00","twitter_card":"summary_large_image","twitter_misc":{"Dur\u00e9e de lecture estim\u00e9e":"1 minute"},"schema":{"@context":"https:\/\/schema.org","@graph":[{"@type":"WebPage","@id":"https:\/\/lessonnailles.ch\/index.php\/benevoles\/","url":"https:\/\/lessonnailles.ch\/index.php\/benevoles\/","name":"B\u00e9n\u00e9voles - Les Sonnailles","isPartOf":{"@id":"https:\/\/lessonnailles.ch\/#website"},"datePublished":"2023-09-06T16:03:46+00:00","dateModified":"2026-02-27T14:42:16+00:00","breadcrumb":{"@id":"https:\/\/lessonnailles.ch\/index.php\/benevoles\/#breadcrumb"},"inLanguage":"fr-FR","potentialAction":[{"@type":"ReadAction","target":["https:\/\/lessonnailles.ch\/index.php\/benevoles\/"]}]},{"@type":"BreadcrumbList","@id":"https:\/\/lessonnailles.ch\/index.php\/benevoles\/#breadcrumb","itemListElement":[{"@type":"ListItem","position":1,"name":"Accueil","item":"https:\/\/lessonnailles.ch\/"},{"@type":"ListItem","position":2,"name":"B\u00e9n\u00e9voles"}]},{"@type":"WebSite","@id":"https:\/\/lessonnailles.ch\/#website","url":"https:\/\/lessonnailles.ch\/","name":"Les Sonnailles","description":"Vivez l&#039;authentique","publisher":{"@id":"https:\/\/lessonnailles.ch\/#organization"},"potentialAction":[{"@type":"SearchAction","target":{"@type":"EntryPoint","urlTemplate":"https:\/\/lessonnailles.ch\/?s={search_term_string}"},"query-input":{"@type":"PropertyValueSpecification","valueRequired":true,"valueName":"search_term_string"}}],"inLanguage":"fr-FR"},{"@type":"Organization","@id":"https:\/\/lessonnailles.ch\/#organization","name":"Les Sonnailles","url":"https:\/\/lessonnailles.ch\/","logo":{"@type":"ImageObject","inLanguage":"fr-FR","@id":"https:\/\/lessonnailles.ch\/#\/schema\/logo\/image\/","url":"https:\/\/lessonnailles.ch\/wp-content\/uploads\/2023\/09\/cropped-logo-sonnailles_1.jpg","contentUrl":"https:\/\/lessonnailles.ch\/wp-content\/uploads\/2023\/09\/cropped-logo-sonnailles_1.jpg","width":199,"height":146,"caption":"Les Sonnailles"},"image":{"@id":"https:\/\/lessonnailles.ch\/#\/schema\/logo\/image\/"},"sameAs":["https:\/\/www.facebook.com\/FoireSonnailles","https:\/\/www.instagram.com\/explore\/locations\/112770856806436\/les-sonnailles-de-romainmotier\/"]}]}},"_links":{"self":[{"href":"https:\/\/lessonnailles.ch\/index.php\/wp-json\/wp\/v2\/pages\/58","targetHints":{"allow":["GET"]}}],"collection":[{"href":"https:\/\/lessonnailles.ch\/index.php\/wp-json\/wp\/v2\/pages"}],"about":[{"href":"https:\/\/lessonnailles.ch\/index.php\/wp-json\/wp\/v2\/types\/page"}],"author":[{"embeddable":true,"href":"https:\/\/lessonnailles.ch\/index.php\/wp-json\/wp\/v2\/users\/1"}],"replies":[{"embeddable":true,"href":"https:\/\/lessonnailles.ch\/index.php\/wp-json\/wp\/v2\/comments?post=58"}],"version-history":[{"count":17,"href":"https:\/\/lessonnailles.ch\/index.php\/wp-json\/wp\/v2\/pages\/58\/revisions"}],"predecessor-version":[{"id":571,"href":"https:\/\/lessonnailles.ch\/index.php\/wp-json\/wp\/v2\/pages\/58\/revisions\/571"}],"wp:attachment":[{"href":"https:\/\/lessonnailles.ch\/index.php\/wp-json\/wp\/v2\/media?parent=58"}],"curies":[{"name":"wp","href":"https:\/\/api.w.org\/{rel}","templated":true}]}}