{"id":60,"date":"2023-09-06T16:03:46","date_gmt":"2023-09-06T16:03:46","guid":{"rendered":"https:\/\/lessonnailles.ch\/?page_id=60"},"modified":"2025-08-27T08:19:04","modified_gmt":"2025-08-27T08:19:04","slug":"contact","status":"publish","type":"page","link":"https:\/\/lessonnailles.ch\/index.php\/contact\/","title":{"rendered":"Contact"},"content":{"rendered":"\n<div class=\"wp-block-group is-vertical is-content-justification-stretch is-layout-flex wp-container-core-group-is-layout-353c4f5a wp-block-group-is-layout-flex\">\n<h1 class=\"wp-block-heading\" style=\"font-size:20px\">Comit\u00e9 d&rsquo;organisation<\/h1>\n\n\n\n<ul class=\"wp-block-list\">\n<li>J\u00e9r\u00f4me Cuvit ~ Pr\u00e9sident<\/li>\n\n\n\n<li>Olivier Grandjean ~ M\u00e9moire vive<\/li>\n\n\n\n<li>Gabrielle Candaux ~ Tr\u00e9sori\u00e8re<\/li>\n\n\n\n<li>Daniel Guignard ~ Animations &amp; b\u00e9n\u00e9voles<\/li>\n\n\n\n<li>Damien Panchaud ~ S\u00e9curit\u00e9 et parking<\/li>\n\n\n\n<li>Marius Boulaz ~ Infrastructure<\/li>\n\n\n\n<li>Antoine Tissot ~ Sonorisation &amp; \u00e9lectricit\u00e9<\/li>\n\n\n\n<li>Christian German ~ Relations publiques<\/li>\n<\/ul>\n\n\n\n<h3 class=\"wp-block-heading has-background\" style=\"background-color:#f79d0080;font-size:16px\"><strong>Visiteur-euse:<\/strong><br>Vous avez des questions concernant l&rsquo;\u00e9v\u00e9nement? Vous \u00eates perdu-e-s? Ou vous souhaitez simplement nous faire part de remarques? <br><br>Laissez-nous vos messages: <strong>info@lessonnailles.ch<\/strong><\/h3>\n\n\n\n<h3 class=\"wp-block-heading has-background\" style=\"background-color:#f79d004d;font-size:16px\"><br><strong>Exposant:<\/strong><br>Vous avez un stand? Ou vous souhaitez partager vos cr\u00e9ations, vos produits ou votre savoir-faire?<br>Vous trouverez le r\u00e9glement complet pour les exposants <a href=\"https:\/\/lessonnailles.ch\/wp-content\/uploads\/2025\/08\/Reglement-2025-V1.pdf\">ici<\/a><br><br>Vous pouvez nous contacter \u00e0 cette adresse: <strong>exposants@lessonnailles.ch<\/strong><\/h3>\n<\/div>\n\n\n\n<div class=\"wp-block-group is-vertical is-content-justification-stretch is-layout-flex wp-container-core-group-is-layout-353c4f5a wp-block-group-is-layout-flex\">\n<h3 class=\"wp-block-heading has-background\" style=\"background-color:#f79d0080;font-size:16px\"><strong>B\u00e9n\u00e9vole:<\/strong><br>B\u00e9n\u00e9vole oeuvrant d&rsquo;arrache-pied pour le bon d\u00e9roulement de la f\u00eate? Ou simplement impatient de participer \u00e0 cette grande aventure? Suivez la banni\u00e8re en t\u00eate de site (premi\u00e8re page) pour acc\u00e9der directement aux horaires de travail&#8230;<br><br>Sinon laissez-nous un message \u00e0 cette adresse: <strong>benevoles@lessonnailles.ch<\/strong><\/h3>\n<\/div>\n\n\n\n<div class=\"wp-block-group is-vertical is-content-justification-stretch is-layout-flex wp-container-core-group-is-layout-353c4f5a wp-block-group-is-layout-flex\">\n<h3 class=\"wp-block-heading has-background\" style=\"background-color:#f79d004d;font-size:16px\"><strong>Sponsor:<\/strong><br>Vous nous soutenez d\u00e9j\u00e0 gracieusement et vous avez besoin de pr\u00e9cisions ou avez des r\u00e9clamations? Vous souhaitez nous aider \u00e0 promouvoir cet \u00e9v\u00e9nement? <br><br>Vous pouvez nous envoyer un message \u00e0 cette adresse: <strong>sponsoring@lessonnailles.ch<\/strong><\/h3>\n<\/div>\n","protected":false},"excerpt":{"rendered":"<p>Comit\u00e9 d&rsquo;organisation Visiteur-euse:Vous avez des questions concernant l&rsquo;\u00e9v\u00e9nement? Vous \u00eates perdu-e-s? Ou vous souhaitez simplement nous faire part de remarques? Laissez-nous vos messages: info@lessonnailles.ch Exposant:Vous avez un stand? Ou vous souhaitez partager vos cr\u00e9ations, vos produits ou votre savoir-faire?Vous trouverez le r\u00e9glement complet pour les exposants ici Vous pouvez nous contacter \u00e0 cette adresse: exposants@lessonnailles.ch B\u00e9n\u00e9vole:B\u00e9n\u00e9vole oeuvrant d&rsquo;arrache-pied pour le bon d\u00e9roulement de la f\u00eate? Ou simplement impatient de participer \u00e0 cette grande aventure? Suivez la banni\u00e8re en t\u00eate de site (premi\u00e8re page) pour acc\u00e9der directement aux horaires de travail&#8230; Sinon laissez-nous un message \u00e0 cette adresse: benevoles@lessonnailles.ch Sponsor:Vous nous soutenez d\u00e9j\u00e0 gracieusement et vous avez besoin de pr\u00e9cisions ou avez des r\u00e9clamations? Vous souhaitez nous aider \u00e0 promouvoir cet \u00e9v\u00e9nement? Vous pouvez nous envoyer un message \u00e0 cette adresse: sponsoring@lessonnailles.ch<\/p>\n","protected":false},"author":1,"featured_media":0,"parent":0,"menu_order":0,"comment_status":"closed","ping_status":"closed","template":"","meta":{"footnotes":""},"class_list":["post-60","page","type-page","status-publish","hentry"],"yoast_head":"<!-- This site is optimized with the Yoast SEO plugin v27.4 - https:\/\/yoast.com\/product\/yoast-seo-wordpress\/ -->\n<title>Contact - Les Sonnailles<\/title>\n<meta name=\"robots\" content=\"index, follow, max-snippet:-1, max-image-preview:large, max-video-preview:-1\" \/>\n<link rel=\"canonical\" href=\"https:\/\/lessonnailles.ch\/index.php\/contact\/\" \/>\n<meta property=\"og:locale\" content=\"fr_FR\" \/>\n<meta property=\"og:type\" content=\"article\" \/>\n<meta property=\"og:title\" content=\"Contact - Les Sonnailles\" \/>\n<meta property=\"og:description\" content=\"Comit\u00e9 d&rsquo;organisation Visiteur-euse:Vous avez des questions concernant l&rsquo;\u00e9v\u00e9nement? Vous \u00eates perdu-e-s? Ou vous souhaitez simplement nous faire part de remarques? Laissez-nous vos messages: info@lessonnailles.ch Exposant:Vous avez un stand? Ou vous souhaitez partager vos cr\u00e9ations, vos produits ou votre savoir-faire?Vous trouverez le r\u00e9glement complet pour les exposants ici Vous pouvez nous contacter \u00e0 cette adresse: exposants@lessonnailles.ch B\u00e9n\u00e9vole:B\u00e9n\u00e9vole oeuvrant d&rsquo;arrache-pied pour le bon d\u00e9roulement de la f\u00eate? Ou simplement impatient de participer \u00e0 cette grande aventure? Suivez la banni\u00e8re en t\u00eate de site (premi\u00e8re page) pour acc\u00e9der directement aux horaires de travail&#8230; Sinon laissez-nous un message \u00e0 cette adresse: benevoles@lessonnailles.ch Sponsor:Vous nous soutenez d\u00e9j\u00e0 gracieusement et vous avez besoin de pr\u00e9cisions ou avez des r\u00e9clamations? Vous souhaitez nous aider \u00e0 promouvoir cet \u00e9v\u00e9nement? Vous pouvez nous envoyer un message \u00e0 cette adresse: sponsoring@lessonnailles.ch\" \/>\n<meta property=\"og:url\" content=\"https:\/\/lessonnailles.ch\/index.php\/contact\/\" \/>\n<meta property=\"og:site_name\" content=\"Les Sonnailles\" \/>\n<meta property=\"article:publisher\" content=\"https:\/\/www.facebook.com\/FoireSonnailles\" \/>\n<meta property=\"article:modified_time\" content=\"2025-08-27T08:19:04+00:00\" \/>\n<meta name=\"twitter:card\" content=\"summary_large_image\" \/>\n<meta name=\"twitter:label1\" content=\"Dur\u00e9e de lecture estim\u00e9e\" \/>\n\t<meta name=\"twitter:data1\" content=\"1 minute\" \/>\n<script type=\"application\/ld+json\" class=\"yoast-schema-graph\">{\"@context\":\"https:\\\/\\\/schema.org\",\"@graph\":[{\"@type\":\"WebPage\",\"@id\":\"https:\\\/\\\/lessonnailles.ch\\\/index.php\\\/contact\\\/\",\"url\":\"https:\\\/\\\/lessonnailles.ch\\\/index.php\\\/contact\\\/\",\"name\":\"Contact - Les Sonnailles\",\"isPartOf\":{\"@id\":\"https:\\\/\\\/lessonnailles.ch\\\/#website\"},\"datePublished\":\"2023-09-06T16:03:46+00:00\",\"dateModified\":\"2025-08-27T08:19:04+00:00\",\"breadcrumb\":{\"@id\":\"https:\\\/\\\/lessonnailles.ch\\\/index.php\\\/contact\\\/#breadcrumb\"},\"inLanguage\":\"fr-FR\",\"potentialAction\":[{\"@type\":\"ReadAction\",\"target\":[\"https:\\\/\\\/lessonnailles.ch\\\/index.php\\\/contact\\\/\"]}]},{\"@type\":\"BreadcrumbList\",\"@id\":\"https:\\\/\\\/lessonnailles.ch\\\/index.php\\\/contact\\\/#breadcrumb\",\"itemListElement\":[{\"@type\":\"ListItem\",\"position\":1,\"name\":\"Accueil\",\"item\":\"https:\\\/\\\/lessonnailles.ch\\\/\"},{\"@type\":\"ListItem\",\"position\":2,\"name\":\"Contact\"}]},{\"@type\":\"WebSite\",\"@id\":\"https:\\\/\\\/lessonnailles.ch\\\/#website\",\"url\":\"https:\\\/\\\/lessonnailles.ch\\\/\",\"name\":\"Les Sonnailles\",\"description\":\"Vivez l&#039;authentique\",\"publisher\":{\"@id\":\"https:\\\/\\\/lessonnailles.ch\\\/#organization\"},\"potentialAction\":[{\"@type\":\"SearchAction\",\"target\":{\"@type\":\"EntryPoint\",\"urlTemplate\":\"https:\\\/\\\/lessonnailles.ch\\\/?s={search_term_string}\"},\"query-input\":{\"@type\":\"PropertyValueSpecification\",\"valueRequired\":true,\"valueName\":\"search_term_string\"}}],\"inLanguage\":\"fr-FR\"},{\"@type\":\"Organization\",\"@id\":\"https:\\\/\\\/lessonnailles.ch\\\/#organization\",\"name\":\"Les Sonnailles\",\"url\":\"https:\\\/\\\/lessonnailles.ch\\\/\",\"logo\":{\"@type\":\"ImageObject\",\"inLanguage\":\"fr-FR\",\"@id\":\"https:\\\/\\\/lessonnailles.ch\\\/#\\\/schema\\\/logo\\\/image\\\/\",\"url\":\"https:\\\/\\\/lessonnailles.ch\\\/wp-content\\\/uploads\\\/2023\\\/09\\\/cropped-logo-sonnailles_1.jpg\",\"contentUrl\":\"https:\\\/\\\/lessonnailles.ch\\\/wp-content\\\/uploads\\\/2023\\\/09\\\/cropped-logo-sonnailles_1.jpg\",\"width\":199,\"height\":146,\"caption\":\"Les Sonnailles\"},\"image\":{\"@id\":\"https:\\\/\\\/lessonnailles.ch\\\/#\\\/schema\\\/logo\\\/image\\\/\"},\"sameAs\":[\"https:\\\/\\\/www.facebook.com\\\/FoireSonnailles\",\"https:\\\/\\\/www.instagram.com\\\/explore\\\/locations\\\/112770856806436\\\/les-sonnailles-de-romainmotier\\\/\"]}]}<\/script>\n<!-- \/ Yoast SEO plugin. -->","yoast_head_json":{"title":"Contact - Les Sonnailles","robots":{"index":"index","follow":"follow","max-snippet":"max-snippet:-1","max-image-preview":"max-image-preview:large","max-video-preview":"max-video-preview:-1"},"canonical":"https:\/\/lessonnailles.ch\/index.php\/contact\/","og_locale":"fr_FR","og_type":"article","og_title":"Contact - Les Sonnailles","og_description":"Comit\u00e9 d&rsquo;organisation Visiteur-euse:Vous avez des questions concernant l&rsquo;\u00e9v\u00e9nement? Vous \u00eates perdu-e-s? Ou vous souhaitez simplement nous faire part de remarques? Laissez-nous vos messages: info@lessonnailles.ch Exposant:Vous avez un stand? Ou vous souhaitez partager vos cr\u00e9ations, vos produits ou votre savoir-faire?Vous trouverez le r\u00e9glement complet pour les exposants ici Vous pouvez nous contacter \u00e0 cette adresse: exposants@lessonnailles.ch B\u00e9n\u00e9vole:B\u00e9n\u00e9vole oeuvrant d&rsquo;arrache-pied pour le bon d\u00e9roulement de la f\u00eate? Ou simplement impatient de participer \u00e0 cette grande aventure? Suivez la banni\u00e8re en t\u00eate de site (premi\u00e8re page) pour acc\u00e9der directement aux horaires de travail&#8230; Sinon laissez-nous un message \u00e0 cette adresse: benevoles@lessonnailles.ch Sponsor:Vous nous soutenez d\u00e9j\u00e0 gracieusement et vous avez besoin de pr\u00e9cisions ou avez des r\u00e9clamations? Vous souhaitez nous aider \u00e0 promouvoir cet \u00e9v\u00e9nement? Vous pouvez nous envoyer un message \u00e0 cette adresse: sponsoring@lessonnailles.ch","og_url":"https:\/\/lessonnailles.ch\/index.php\/contact\/","og_site_name":"Les Sonnailles","article_publisher":"https:\/\/www.facebook.com\/FoireSonnailles","article_modified_time":"2025-08-27T08:19:04+00:00","twitter_card":"summary_large_image","twitter_misc":{"Dur\u00e9e de lecture estim\u00e9e":"1 minute"},"schema":{"@context":"https:\/\/schema.org","@graph":[{"@type":"WebPage","@id":"https:\/\/lessonnailles.ch\/index.php\/contact\/","url":"https:\/\/lessonnailles.ch\/index.php\/contact\/","name":"Contact - Les Sonnailles","isPartOf":{"@id":"https:\/\/lessonnailles.ch\/#website"},"datePublished":"2023-09-06T16:03:46+00:00","dateModified":"2025-08-27T08:19:04+00:00","breadcrumb":{"@id":"https:\/\/lessonnailles.ch\/index.php\/contact\/#breadcrumb"},"inLanguage":"fr-FR","potentialAction":[{"@type":"ReadAction","target":["https:\/\/lessonnailles.ch\/index.php\/contact\/"]}]},{"@type":"BreadcrumbList","@id":"https:\/\/lessonnailles.ch\/index.php\/contact\/#breadcrumb","itemListElement":[{"@type":"ListItem","position":1,"name":"Accueil","item":"https:\/\/lessonnailles.ch\/"},{"@type":"ListItem","position":2,"name":"Contact"}]},{"@type":"WebSite","@id":"https:\/\/lessonnailles.ch\/#website","url":"https:\/\/lessonnailles.ch\/","name":"Les Sonnailles","description":"Vivez l&#039;authentique","publisher":{"@id":"https:\/\/lessonnailles.ch\/#organization"},"potentialAction":[{"@type":"SearchAction","target":{"@type":"EntryPoint","urlTemplate":"https:\/\/lessonnailles.ch\/?s={search_term_string}"},"query-input":{"@type":"PropertyValueSpecification","valueRequired":true,"valueName":"search_term_string"}}],"inLanguage":"fr-FR"},{"@type":"Organization","@id":"https:\/\/lessonnailles.ch\/#organization","name":"Les Sonnailles","url":"https:\/\/lessonnailles.ch\/","logo":{"@type":"ImageObject","inLanguage":"fr-FR","@id":"https:\/\/lessonnailles.ch\/#\/schema\/logo\/image\/","url":"https:\/\/lessonnailles.ch\/wp-content\/uploads\/2023\/09\/cropped-logo-sonnailles_1.jpg","contentUrl":"https:\/\/lessonnailles.ch\/wp-content\/uploads\/2023\/09\/cropped-logo-sonnailles_1.jpg","width":199,"height":146,"caption":"Les Sonnailles"},"image":{"@id":"https:\/\/lessonnailles.ch\/#\/schema\/logo\/image\/"},"sameAs":["https:\/\/www.facebook.com\/FoireSonnailles","https:\/\/www.instagram.com\/explore\/locations\/112770856806436\/les-sonnailles-de-romainmotier\/"]}]}},"_links":{"self":[{"href":"https:\/\/lessonnailles.ch\/index.php\/wp-json\/wp\/v2\/pages\/60","targetHints":{"allow":["GET"]}}],"collection":[{"href":"https:\/\/lessonnailles.ch\/index.php\/wp-json\/wp\/v2\/pages"}],"about":[{"href":"https:\/\/lessonnailles.ch\/index.php\/wp-json\/wp\/v2\/types\/page"}],"author":[{"embeddable":true,"href":"https:\/\/lessonnailles.ch\/index.php\/wp-json\/wp\/v2\/users\/1"}],"replies":[{"embeddable":true,"href":"https:\/\/lessonnailles.ch\/index.php\/wp-json\/wp\/v2\/comments?post=60"}],"version-history":[{"count":11,"href":"https:\/\/lessonnailles.ch\/index.php\/wp-json\/wp\/v2\/pages\/60\/revisions"}],"predecessor-version":[{"id":531,"href":"https:\/\/lessonnailles.ch\/index.php\/wp-json\/wp\/v2\/pages\/60\/revisions\/531"}],"wp:attachment":[{"href":"https:\/\/lessonnailles.ch\/index.php\/wp-json\/wp\/v2\/media?parent=60"}],"curies":[{"name":"wp","href":"https:\/\/api.w.org\/{rel}","templated":true}]}}